{"id":12108,"date":"2024-03-22T15:55:51","date_gmt":"2024-03-22T15:55:51","guid":{"rendered":"https:\/\/sarabfestival.com\/?page_id=12108"},"modified":"2024-03-22T15:57:01","modified_gmt":"2024-03-22T15:57:01","slug":"politique-de-confidentialite","status":"publish","type":"page","link":"https:\/\/sarabfestival.com\/fr\/politique-de-confidentialite\/","title":{"rendered":"Politique de confidentialit\u00e9"},"content":{"rendered":"<div data-elementor-type=\"wp-page\" data-elementor-id=\"12108\" class=\"elementor elementor-12108\" data-elementor-post-type=\"page\">\n\t\t\t\t\t\t<section class=\"elementor-section elementor-top-section elementor-element elementor-element-f442c95 elementor-section-boxed elementor-section-height-default elementor-section-height-default\" data-id=\"f442c95\" data-element_type=\"section\">\n\t\t\t\t\t\t<div class=\"elementor-container elementor-column-gap-default\">\n\t\t\t\t\t<div class=\"elementor-column elementor-col-100 elementor-top-column elementor-element elementor-element-b40fd3a\" data-id=\"b40fd3a\" data-element_type=\"column\">\n\t\t\t<div class=\"elementor-widget-wrap elementor-element-populated\">\n\t\t\t\t\t\t<div class=\"elementor-element elementor-element-51b7f77 elementor-widget elementor-widget-text-editor\" data-id=\"51b7f77\" data-element_type=\"widget\" data-widget_type=\"text-editor.default\">\n\t\t\t\t<div class=\"elementor-widget-container\">\n\t\t\t<style>\/*! elementor - v3.23.0 - 05-08-2024 *\/\n.elementor-widget-text-editor.elementor-drop-cap-view-stacked .elementor-drop-cap{background-color:#69727d;color:#fff}.elementor-widget-text-editor.elementor-drop-cap-view-framed .elementor-drop-cap{color:#69727d;border:3px solid;background-color:transparent}.elementor-widget-text-editor:not(.elementor-drop-cap-view-default) .elementor-drop-cap{margin-top:8px}.elementor-widget-text-editor:not(.elementor-drop-cap-view-default) .elementor-drop-cap-letter{width:1em;height:1em}.elementor-widget-text-editor .elementor-drop-cap{float:left;text-align:center;line-height:1;font-size:50px}.elementor-widget-text-editor .elementor-drop-cap-letter{display:inline-block}<\/style>\t\t\t\t<p>Derni\u00e8re mise \u00e0 jour : 21 mars 2024<\/p><p>Bienvenue sur la politique de confidentialit\u00e9 du Sarab Festival.<\/p><p>La protection de vos donn\u00e9es personnelles et le respect de votre vie priv\u00e9e sont importants pour nous. La pr\u00e9sente politique de confidentialit\u00e9 a pour mais de pr\u00e9senter avec transparence l&#039;utilisation des donn\u00e9es que nous collectons.<\/p><p>FVS Consulting &amp; Management (SRL), dont le si\u00e8ge social est situ\u00e9 \u00e0 Rue du Bosquet(GY), 19<br \/>6181 Courcelles enregistr\u00e9e \u00e0 la Banque Carrefour des Entreprises sous le num\u00e9ro 1000.844.812 (ci-apr\u00e8s \u00abSarab Festival\u00bb, \u00abnous\u00bb), est responsable du traitement de vos donn\u00e9es \u00e0 caract\u00e8re personnel. <br \/>\u00c0 qui s&#039;applique la politique de confidentialit\u00e9 ?<\/p><p>La pr\u00e9sente politique de confidentialit\u00e9 s&#039;applique au traitement des donn\u00e9es \u00e0 caract\u00e8re personnel de nos clients et utilisateurs en relation avec nos produits et services, \u00e0 toute personne qui participe \u00e0 l&#039;un de nos \u00e9v\u00e9nements ou utilise nos produits et services. Cette politique de confidentialit\u00e9 s&#039;applique aux donn\u00e9es \u00e0 caract\u00e8re personnel que nous traitons en notre qualit\u00e9 de responsable du traitement, avant, pendant et apr\u00e8s nos \u00e9v\u00e9nements.<\/p><p>Quelles donn\u00e9es sont collect\u00e9es et pourquoi ?<\/p><p>Les donn\u00e9es qui sont recueillies sont ad\u00e9quates, pertinentes et limit\u00e9es \u00e0 ce qui est n\u00e9cessaire au regard des finalit\u00e9s pour lesquelles elles sont trait\u00e9es.<\/p><p>Nous pouvons traiter certains types de donn\u00e9es \u00e0 caract\u00e8re personnel lorsque vous utilisez les formulaires de contact en tant que Commer\u00e7ant, pour proposer votre candidature au Sarab Festival.<\/p><p>1. Via le Formulaire 24_F&amp;B_Commer\u00e7ant<\/p><p>\u2022 Inscription sur liste des candidatures<br \/>\u25e6 Cat\u00e9gories de donn\u00e9es : <br \/>\u25aa Obligatoire : Soci\u00e9t\u00e9, Non, Pr\u00e9nom, adresse email, t\u00e9l\u00e9phone,<br \/>\u25aa Non Obligatoire : Adresse, Code postal, Ville, Pays, Nr TVA, <br \/>\u25aa D&#039;autres informations non personnelles : exp\u00e9rience, prix des plats, type de cuisine\u2026<br \/>\u25e6 Base juridique (motif du traitement) : Consentement \u00e0 d\u00e9poser sa candidature en tant que commer\u00e7ant nourriture et boissons sur le site du SarabFestival (du 27 et 28 septembre 2024). Sarab Festival consultez les candidatures sur base de ce formulaire. <br \/>\u25e6 Utilisation des donn\u00e9es : Traitement des candidatures, contr\u00f4le de la qualit\u00e9, envoi de communications \u00e9lectroniques concernant le partenariat, information sur la collaboration<br \/>\u25e6 Dur\u00e9e de conservation : 5 ans \u00e0 compter de la demande, ou jusqu&#039;\u00e0 ce que la personne concern\u00e9e la demande \u00e0 legal@sarabfestival.com<\/p><p>\u00a0<\/p><p>\u00a0<\/p><p>\u00a0<\/p><p>Avec qui partageons nous vos donn\u00e9es ?<\/p><p>Nous partageons vos donn\u00e9es avec :<\/p><p>\u2022 Nos prestataires de services techniques (par exemple, pour assurer l&#039;envoi d&#039;email et h\u00e9berger les donn\u00e9es)<br \/>\u2022 Les fournisseurs du Sarab Festival <br \/>\u2022 Les prestataires de paiement. <br \/>\u2022 Nos collaborateurs internes et externes li\u00e9s \u00e0 L&#039;organisation du festival <br \/>\u2022 Les autorit\u00e9s administratives ou judiciaires ou tout autre tiers autoris\u00e9es lorsque ce partage de donn\u00e9es est pr\u00e9vu par la loi.<br \/>\u2022 Nos filiales, lorsqu&#039;elles nous fournissent \u00e0 fournir les Services. <br \/>\u2022 Les soci\u00e9t\u00e9s susceptibles de devenir actionnaires ou d&#039;absorber notre entit\u00e9 \u00e0 l&#039;avenir.<\/p><p>O\u00f9 sont stock\u00e9es vos donn\u00e9es ?<\/p><p>Vos donn\u00e9es sont stock\u00e9es dans l&#039;Union europ\u00e9enne. Toutefois, les transferts internationaux n\u00e9cessaires et hors de l&#039;Union europ\u00e9enne sont n\u00e9cessaires.<\/p><p>Le Sarab Festival est un \u00e9v\u00e8nement ayant lieu sur le territoire du Royaume du Maroc, pays situ\u00e9 en dehors de l&#039;Espace \u00e9conomique europ\u00e9en. Nous prenons les dispositions n\u00e9cessaires pour assurer la protection de votre vie priv\u00e9e en respectant les dispositions l\u00e9gales pour garantir la s\u00e9curit\u00e9 et la confidentialit\u00e9 des transferts au Maroc.<\/p><p>Pour ce faire, nous ne transf\u00e9rons vos donn\u00e9es qu&#039;\u00e0 des entreprises :<br \/>\u2022 qui sont \u00e9tablis dans un pays reconnu par la Commission europ\u00e9enne comme offrant un niveau de protection ad\u00e9quat, ou<br \/>\u2022 avec laquelle nous avons sign\u00e9 les clauses contractuelles types de la Commission europ\u00e9enne.<\/p><p>Quels sont vos droits ?<\/p><p>Vous b\u00e9n\u00e9ficiez des droits suivants :<\/p><p>\u2022 Droit d&#039;acc\u00e8s aux donn\u00e9es personnelles et de portabilit\u00e9 : Vous avez le droit d&#039;obtenir une copie de vos donn\u00e9es dans un format lisible. <br \/>\u2022 Droit de rectification de vos donn\u00e9es personnelles : Vous avez le droit de modifier vos donn\u00e9es si elles sont incorrectes ou incompl\u00e8tes. <br \/>\u2022 Droit de demander l&#039;effacement de vos donn\u00e9es dans certains cas.<br \/>\u2022 Droit de demander une limitation du traitement de vos donn\u00e9es.<br \/>\u2022 Droit \u00e0 la portabilit\u00e9 de vos donn\u00e9es. <br \/>\u2022 Droit de vous opposer au traitement de vos donn\u00e9es.<\/p><p>Pour exercer vos droits ou pour toutes questions, commentaires et demandes concernant cette politique de confidentialit\u00e9 vous pouvez nous contacter via :<\/p><p>l\u00e9gal@sarabfestival.com<\/p><p>Si, apr\u00e8s nous avoir contact\u00e9, vous n&#039;avez pas obtenu le respect de vos droits, vous pouvez d\u00e9poser une plainte aupr\u00e8s de l&#039;Autorit\u00e9 belge de protection des donn\u00e9es ou d&#039;une Autorit\u00e9 de Protection des donn\u00e9es comp\u00e9tente.<\/p><p>Comment prot\u00e9geons-nous vos donn\u00e9es ?<\/p><p>Nous mettons en place des mesures techniques et organisationnelles pour la protection de vos donn\u00e9es personnelles.<\/p><p>\u2022 Un programme de sensibilisation et de formation des employ\u00e9s.<br \/>\u2022 Chiffrement lors des \u00e9changes et du stockage des donn\u00e9es.<br \/>\u2022 Authentification \u00e0 deux facteurs.<br \/>\u2022 Tests de s\u00e9curit\u00e9 et tests d&#039;intrusion par des tiers ind\u00e9pendants.<\/p>\t\t\t\t\t\t<\/div>\n\t\t\t\t<\/div>\n\t\t\t\t\t<\/div>\n\t\t<\/div>\n\t\t\t\t\t<\/div>\n\t\t<\/section>\n\t\t\t\t<\/div>","protected":false},"excerpt":{"rendered":"<p>Derni\u00e8re mise \u00e0 jour : 21 Mars 2024 Bienvenue sur la politique de confidentialit\u00e9 du Sarab Festival. La protection de vos donn\u00e9es personnelles et le respect de votre vie priv\u00e9e est importante pour nous. La pr\u00e9sente politique de confidentialit\u00e9 a pour but de pr\u00e9senter avec transparence l\u2019utilisation des donn\u00e9es que nous collectons. FVS Consulting &amp; [&hellip;]<\/p>","protected":false},"author":2,"featured_media":0,"parent":0,"menu_order":0,"comment_status":"closed","ping_status":"closed","template":"","meta":{"_acf_changed":false,"_monsterinsights_skip_tracking":false,"_monsterinsights_sitenote_active":false,"_monsterinsights_sitenote_note":"","_monsterinsights_sitenote_category":0,"footnotes":""},"class_list":["post-12108","page","type-page","status-publish","hentry"],"acf":[],"aioseo_notices":[],"_links":{"self":[{"href":"https:\/\/sarabfestival.com\/fr\/wp-json\/wp\/v2\/pages\/12108","targetHints":{"allow":["GET"]}}],"collection":[{"href":"https:\/\/sarabfestival.com\/fr\/wp-json\/wp\/v2\/pages"}],"about":[{"href":"https:\/\/sarabfestival.com\/fr\/wp-json\/wp\/v2\/types\/page"}],"author":[{"embeddable":true,"href":"https:\/\/sarabfestival.com\/fr\/wp-json\/wp\/v2\/users\/2"}],"replies":[{"embeddable":true,"href":"https:\/\/sarabfestival.com\/fr\/wp-json\/wp\/v2\/comments?post=12108"}],"version-history":[{"count":4,"href":"https:\/\/sarabfestival.com\/fr\/wp-json\/wp\/v2\/pages\/12108\/revisions"}],"predecessor-version":[{"id":12112,"href":"https:\/\/sarabfestival.com\/fr\/wp-json\/wp\/v2\/pages\/12108\/revisions\/12112"}],"wp:attachment":[{"href":"https:\/\/sarabfestival.com\/fr\/wp-json\/wp\/v2\/media?parent=12108"}],"curies":[{"name":"wp","href":"https:\/\/api.w.org\/{rel}","templated":true}]}}